{"id":2584,"date":"2025-08-28T14:03:22","date_gmt":"2025-08-28T11:03:22","guid":{"rendered":"https:\/\/gbd.siteclick.ro\/?post_type=product&#038;p=2584"},"modified":"2025-09-08T14:39:24","modified_gmt":"2025-09-08T11:39:24","slug":"growth-by-design-program-open-de-1-zi-pentru-antreprenori","status":"publish","type":"product","link":"https:\/\/gbd.siteclick.ro\/en\/product\/growth-by-design-program-open-de-1-zi-pentru-antreprenori\/","title":{"rendered":"Growth by Design: Program Open de 1 zi pentru Antreprenori"},"content":{"rendered":"<p><u>Investi\u021bia financiar\u0103 pentru 1 participant acoper\u0103<\/u>: preg\u0103tirea, facilitarea live pentru ziua de program, pr\u00e2nzul \u0219i pauzele de cafea, materialele Growth by Design pentru participan\u021bi \u0219i 30 de minute de coaching cu Dan &amp; Adi dup\u0103 program, pentru fiecare companie participant\u0103. Pentru mai mul\u021bi participan\u021bi,\u00a0<strong>selecteaz\u0103 num\u0103rul dorit<\/strong>, iar \u00een timpul achizi\u021biei vei putea introduce un\u00a0<strong><em>cod preferen\u021bial<\/em><\/strong>\u00a0(dac\u0103 ai unul) \u0219i alege op\u021biunea de\u00a0<strong>facturare pe firm\u0103<\/strong>\u00a0(Persoan\u0103 Juridic\u0103).<\/p>","protected":false},"excerpt":{"rendered":"<p>Investi\u021bia financiar\u0103 pentru 1 participant acoper\u0103: preg\u0103tirea, facilitarea live pentru ziua de program, pr\u00e2nzul \u0219i pauzele de cafea, materialele Growth by Design pentru participan\u021bi \u0219i 30 de minute de coaching cu Dan &amp; Adi dup\u0103 program, pentru fiecare companie participant\u0103. Pentru mai mul\u021bi participan\u021bi,\u00a0selecteaz\u0103 num\u0103rul dorit, iar \u00een timpul achizi\u021biei vei putea introduce un\u00a0cod preferen\u021bial\u00a0(dac\u0103 [&hellip;]<\/p>","protected":false},"featured_media":2585,"comment_status":"closed","ping_status":"closed","template":"","meta":{"_et_pb_use_builder":"","_et_pb_old_content":"","_et_gb_content_width":"","om_disable_all_campaigns":false,"_monsterinsights_skip_tracking":false,"_monsterinsights_sitenote_active":false,"_monsterinsights_sitenote_note":"","_monsterinsights_sitenote_category":0,"_uf_show_specific_survey":0,"_uf_disable_surveys":false},"product_brand":[],"product_cat":[176],"product_tag":[],"class_list":{"0":"post-2584","1":"product","2":"type-product","3":"status-publish","4":"has-post-thumbnail","6":"product_cat-growth-by-design","8":"first","9":"instock","10":"taxable","11":"shipping-taxable","12":"purchasable","13":"product-type-variable","14":"has-default-attributes"},"yoast_head":"<!-- This site is optimized with the Yoast SEO plugin v25.8 - https:\/\/yoast.com\/wordpress\/plugins\/seo\/ -->\n<title>Growth by Design: Program Open de 1 zi pentru Antreprenori - Growth By Design<\/title>\n<meta name=\"robots\" content=\"index, follow, max-snippet:-1, max-image-preview:large, max-video-preview:-1\" \/>\n<link rel=\"canonical\" href=\"https:\/\/gbd.siteclick.ro\/en\/product\/growth-by-design-program-open-de-1-zi-pentru-antreprenori\/\" \/>\n<meta property=\"og:locale\" content=\"en_GB\" \/>\n<meta property=\"og:type\" content=\"article\" \/>\n<meta property=\"og:title\" content=\"Growth by Design: Program Open de 1 zi pentru Antreprenori - Growth By Design\" \/>\n<meta property=\"og:description\" content=\"Investi\u021bia financiar\u0103 pentru 1 participant acoper\u0103: preg\u0103tirea, facilitarea live pentru ziua de program, pr\u00e2nzul \u0219i pauzele de cafea, materialele Growth by Design pentru participan\u021bi \u0219i 30 de minute de coaching cu Dan &amp; Adi dup\u0103 program, pentru fiecare companie participant\u0103. Pentru mai mul\u021bi participan\u021bi,\u00a0selecteaz\u0103 num\u0103rul dorit, iar \u00een timpul achizi\u021biei vei putea introduce un\u00a0cod preferen\u021bial\u00a0(dac\u0103 [&hellip;]\" \/>\n<meta property=\"og:url\" content=\"https:\/\/gbd.siteclick.ro\/en\/product\/growth-by-design-program-open-de-1-zi-pentru-antreprenori\/\" \/>\n<meta property=\"og:site_name\" content=\"Growth By Design\" \/>\n<meta property=\"article:publisher\" content=\"https:\/\/www.facebook.com\/profile.php?id=61559620237059\" \/>\n<meta property=\"article:modified_time\" content=\"2025-09-08T11:39:24+00:00\" \/>\n<meta property=\"og:image\" content=\"https:\/\/gbd.siteclick.ro\/wp-content\/uploads\/2025\/08\/Original-Logo.png.webp\" \/>\n\t<meta property=\"og:image:width\" content=\"2229\" \/>\n\t<meta property=\"og:image:height\" content=\"1863\" \/>\n\t<meta property=\"og:image:type\" content=\"image\/webp\" \/>\n<meta name=\"twitter:card\" content=\"summary_large_image\" \/>\n<meta name=\"twitter:label1\" content=\"Estimated reading time\" \/>\n\t<meta name=\"twitter:data1\" content=\"1 minute\" \/>\n<script type=\"application\/ld+json\" class=\"yoast-schema-graph\">{\"@context\":\"https:\/\/schema.org\",\"@graph\":[{\"@type\":\"WebPage\",\"@id\":\"https:\/\/gbd.siteclick.ro\/product\/growth-by-design-program-open-de-1-zi-pentru-antreprenori\/\",\"url\":\"https:\/\/gbd.siteclick.ro\/product\/growth-by-design-program-open-de-1-zi-pentru-antreprenori\/\",\"name\":\"Growth by Design: Program Open de 1 zi pentru Antreprenori - Growth By Design\",\"isPartOf\":{\"@id\":\"https:\/\/gbd.siteclick.ro\/#website\"},\"primaryImageOfPage\":{\"@id\":\"https:\/\/gbd.siteclick.ro\/product\/growth-by-design-program-open-de-1-zi-pentru-antreprenori\/#primaryimage\"},\"image\":{\"@id\":\"https:\/\/gbd.siteclick.ro\/product\/growth-by-design-program-open-de-1-zi-pentru-antreprenori\/#primaryimage\"},\"thumbnailUrl\":\"https:\/\/gbd.siteclick.ro\/wp-content\/uploads\/2025\/08\/Original-Logo.png.webp\",\"datePublished\":\"2025-08-28T11:03:22+00:00\",\"dateModified\":\"2025-09-08T11:39:24+00:00\",\"breadcrumb\":{\"@id\":\"https:\/\/gbd.siteclick.ro\/product\/growth-by-design-program-open-de-1-zi-pentru-antreprenori\/#breadcrumb\"},\"inLanguage\":\"en-GB\",\"potentialAction\":[{\"@type\":\"ReadAction\",\"target\":[\"https:\/\/gbd.siteclick.ro\/product\/growth-by-design-program-open-de-1-zi-pentru-antreprenori\/\"]}]},{\"@type\":\"ImageObject\",\"inLanguage\":\"en-GB\",\"@id\":\"https:\/\/gbd.siteclick.ro\/product\/growth-by-design-program-open-de-1-zi-pentru-antreprenori\/#primaryimage\",\"url\":\"https:\/\/gbd.siteclick.ro\/wp-content\/uploads\/2025\/08\/Original-Logo.png.webp\",\"contentUrl\":\"https:\/\/gbd.siteclick.ro\/wp-content\/uploads\/2025\/08\/Original-Logo.png.webp\",\"width\":2229,\"height\":1863},{\"@type\":\"BreadcrumbList\",\"@id\":\"https:\/\/gbd.siteclick.ro\/product\/growth-by-design-program-open-de-1-zi-pentru-antreprenori\/#breadcrumb\",\"itemListElement\":[{\"@type\":\"ListItem\",\"position\":1,\"name\":\"Home\",\"item\":\"https:\/\/gbd.siteclick.ro\/\"},{\"@type\":\"ListItem\",\"position\":2,\"name\":\"Shop\",\"item\":\"https:\/\/gbd.siteclick.ro\/shop\/\"},{\"@type\":\"ListItem\",\"position\":3,\"name\":\"Growth by Design: Program Open de 1 zi pentru Antreprenori\"}]},{\"@type\":\"WebSite\",\"@id\":\"https:\/\/gbd.siteclick.ro\/#website\",\"url\":\"https:\/\/gbd.siteclick.ro\/\",\"name\":\"Growth By Design\",\"description\":\"Unlocking Radical Growth and Performance\",\"publisher\":{\"@id\":\"https:\/\/gbd.siteclick.ro\/#organization\"},\"potentialAction\":[{\"@type\":\"SearchAction\",\"target\":{\"@type\":\"EntryPoint\",\"urlTemplate\":\"https:\/\/gbd.siteclick.ro\/?s={search_term_string}\"},\"query-input\":{\"@type\":\"PropertyValueSpecification\",\"valueRequired\":true,\"valueName\":\"search_term_string\"}}],\"inLanguage\":\"en-GB\"},{\"@type\":\"Organization\",\"@id\":\"https:\/\/gbd.siteclick.ro\/#organization\",\"name\":\"Growth By Design\",\"url\":\"https:\/\/gbd.siteclick.ro\/\",\"logo\":{\"@type\":\"ImageObject\",\"inLanguage\":\"en-GB\",\"@id\":\"https:\/\/gbd.siteclick.ro\/#\/schema\/logo\/image\/\",\"url\":\"https:\/\/gbd.siteclick.ro\/wp-content\/uploads\/2025\/01\/Growth-by-Design_Original-Logo_8828.png\",\"contentUrl\":\"https:\/\/gbd.siteclick.ro\/wp-content\/uploads\/2025\/01\/Growth-by-Design_Original-Logo_8828.png\",\"width\":400,\"height\":293,\"caption\":\"Growth By Design\"},\"image\":{\"@id\":\"https:\/\/gbd.siteclick.ro\/#\/schema\/logo\/image\/\"},\"sameAs\":[\"https:\/\/www.facebook.com\/profile.php?id=61559620237059\"]}]}<\/script>\n<!-- \/ Yoast SEO plugin. -->","yoast_head_json":{"title":"Growth by Design: Program Open de 1 zi pentru Antreprenori - Growth By Design","robots":{"index":"index","follow":"follow","max-snippet":"max-snippet:-1","max-image-preview":"max-image-preview:large","max-video-preview":"max-video-preview:-1"},"canonical":"https:\/\/gbd.siteclick.ro\/en\/product\/growth-by-design-program-open-de-1-zi-pentru-antreprenori\/","og_locale":"en_GB","og_type":"article","og_title":"Growth by Design: Program Open de 1 zi pentru Antreprenori - Growth By Design","og_description":"Investi\u021bia financiar\u0103 pentru 1 participant acoper\u0103: preg\u0103tirea, facilitarea live pentru ziua de program, pr\u00e2nzul \u0219i pauzele de cafea, materialele Growth by Design pentru participan\u021bi \u0219i 30 de minute de coaching cu Dan &amp; Adi dup\u0103 program, pentru fiecare companie participant\u0103. Pentru mai mul\u021bi participan\u021bi,\u00a0selecteaz\u0103 num\u0103rul dorit, iar \u00een timpul achizi\u021biei vei putea introduce un\u00a0cod preferen\u021bial\u00a0(dac\u0103 [&hellip;]","og_url":"https:\/\/gbd.siteclick.ro\/en\/product\/growth-by-design-program-open-de-1-zi-pentru-antreprenori\/","og_site_name":"Growth By Design","article_publisher":"https:\/\/www.facebook.com\/profile.php?id=61559620237059","article_modified_time":"2025-09-08T11:39:24+00:00","og_image":[{"width":2229,"height":1863,"url":"https:\/\/gbd.siteclick.ro\/wp-content\/uploads\/2025\/08\/Original-Logo.png.webp","type":"image\/webp"}],"twitter_card":"summary_large_image","twitter_misc":{"Estimated reading time":"1 minute"},"schema":{"@context":"https:\/\/schema.org","@graph":[{"@type":"WebPage","@id":"https:\/\/gbd.siteclick.ro\/product\/growth-by-design-program-open-de-1-zi-pentru-antreprenori\/","url":"https:\/\/gbd.siteclick.ro\/product\/growth-by-design-program-open-de-1-zi-pentru-antreprenori\/","name":"Growth by Design: Program Open de 1 zi pentru Antreprenori - Growth By Design","isPartOf":{"@id":"https:\/\/gbd.siteclick.ro\/#website"},"primaryImageOfPage":{"@id":"https:\/\/gbd.siteclick.ro\/product\/growth-by-design-program-open-de-1-zi-pentru-antreprenori\/#primaryimage"},"image":{"@id":"https:\/\/gbd.siteclick.ro\/product\/growth-by-design-program-open-de-1-zi-pentru-antreprenori\/#primaryimage"},"thumbnailUrl":"https:\/\/gbd.siteclick.ro\/wp-content\/uploads\/2025\/08\/Original-Logo.png.webp","datePublished":"2025-08-28T11:03:22+00:00","dateModified":"2025-09-08T11:39:24+00:00","breadcrumb":{"@id":"https:\/\/gbd.siteclick.ro\/product\/growth-by-design-program-open-de-1-zi-pentru-antreprenori\/#breadcrumb"},"inLanguage":"en-GB","potentialAction":[{"@type":"ReadAction","target":["https:\/\/gbd.siteclick.ro\/product\/growth-by-design-program-open-de-1-zi-pentru-antreprenori\/"]}]},{"@type":"ImageObject","inLanguage":"en-GB","@id":"https:\/\/gbd.siteclick.ro\/product\/growth-by-design-program-open-de-1-zi-pentru-antreprenori\/#primaryimage","url":"https:\/\/gbd.siteclick.ro\/wp-content\/uploads\/2025\/08\/Original-Logo.png.webp","contentUrl":"https:\/\/gbd.siteclick.ro\/wp-content\/uploads\/2025\/08\/Original-Logo.png.webp","width":2229,"height":1863},{"@type":"BreadcrumbList","@id":"https:\/\/gbd.siteclick.ro\/product\/growth-by-design-program-open-de-1-zi-pentru-antreprenori\/#breadcrumb","itemListElement":[{"@type":"ListItem","position":1,"name":"Home","item":"https:\/\/gbd.siteclick.ro\/"},{"@type":"ListItem","position":2,"name":"Shop","item":"https:\/\/gbd.siteclick.ro\/shop\/"},{"@type":"ListItem","position":3,"name":"Growth by Design: Program Open de 1 zi pentru Antreprenori"}]},{"@type":"WebSite","@id":"https:\/\/gbd.siteclick.ro\/#website","url":"https:\/\/gbd.siteclick.ro\/","name":"Growth By Design","description":"Unlocking Radical Growth and Performance","publisher":{"@id":"https:\/\/gbd.siteclick.ro\/#organization"},"potentialAction":[{"@type":"SearchAction","target":{"@type":"EntryPoint","urlTemplate":"https:\/\/gbd.siteclick.ro\/?s={search_term_string}"},"query-input":{"@type":"PropertyValueSpecification","valueRequired":true,"valueName":"search_term_string"}}],"inLanguage":"en-GB"},{"@type":"Organization","@id":"https:\/\/gbd.siteclick.ro\/#organization","name":"Growth By Design","url":"https:\/\/gbd.siteclick.ro\/","logo":{"@type":"ImageObject","inLanguage":"en-GB","@id":"https:\/\/gbd.siteclick.ro\/#\/schema\/logo\/image\/","url":"https:\/\/gbd.siteclick.ro\/wp-content\/uploads\/2025\/01\/Growth-by-Design_Original-Logo_8828.png","contentUrl":"https:\/\/gbd.siteclick.ro\/wp-content\/uploads\/2025\/01\/Growth-by-Design_Original-Logo_8828.png","width":400,"height":293,"caption":"Growth By Design"},"image":{"@id":"https:\/\/gbd.siteclick.ro\/#\/schema\/logo\/image\/"},"sameAs":["https:\/\/www.facebook.com\/profile.php?id=61559620237059"]}]}},"_links":{"self":[{"href":"https:\/\/gbd.siteclick.ro\/en\/wp-json\/wp\/v2\/product\/2584","targetHints":{"allow":["GET"]}}],"collection":[{"href":"https:\/\/gbd.siteclick.ro\/en\/wp-json\/wp\/v2\/product"}],"about":[{"href":"https:\/\/gbd.siteclick.ro\/en\/wp-json\/wp\/v2\/types\/product"}],"replies":[{"embeddable":true,"href":"https:\/\/gbd.siteclick.ro\/en\/wp-json\/wp\/v2\/comments?post=2584"}],"wp:featuredmedia":[{"embeddable":true,"href":"https:\/\/gbd.siteclick.ro\/en\/wp-json\/wp\/v2\/media\/2585"}],"wp:attachment":[{"href":"https:\/\/gbd.siteclick.ro\/en\/wp-json\/wp\/v2\/media?parent=2584"}],"wp:term":[{"taxonomy":"product_brand","embeddable":true,"href":"https:\/\/gbd.siteclick.ro\/en\/wp-json\/wp\/v2\/product_brand?post=2584"},{"taxonomy":"product_cat","embeddable":true,"href":"https:\/\/gbd.siteclick.ro\/en\/wp-json\/wp\/v2\/product_cat?post=2584"},{"taxonomy":"product_tag","embeddable":true,"href":"https:\/\/gbd.siteclick.ro\/en\/wp-json\/wp\/v2\/product_tag?post=2584"}],"curies":[{"name":"wp","href":"https:\/\/api.w.org\/{rel}","templated":true}]}}