{"id":1254,"date":"2025-02-03T13:12:35","date_gmt":"2025-02-03T13:12:35","guid":{"rendered":"https:\/\/gbd.siteclick.ro\/?page_id=1254"},"modified":"2025-05-01T11:34:08","modified_gmt":"2025-05-01T08:34:08","slug":"filosofia-noastra","status":"publish","type":"page","link":"https:\/\/gbd.siteclick.ro\/en\/filosofia-noastra\/","title":{"rendered":"Our Philosophy"},"content":{"rendered":"<p>[et_pb_section fb_built=&#8221;1&#8243; _builder_version=&#8221;4.27.4&#8243; _module_preset=&#8221;default&#8221; custom_padding=&#8221;||0px||false|false&#8221; global_colors_info=&#8221;{}&#8221;][et_pb_row _builder_version=&#8221;4.27.4&#8243; _module_preset=&#8221;default&#8221; global_colors_info=&#8221;{}&#8221;][et_pb_column type=&#8221;4_4&#8243; _builder_version=&#8221;4.27.4&#8243; _module_preset=&#8221;default&#8221; global_colors_info=&#8221;{}&#8221;][et_pb_heading title=&#8221;@Identitatea GBD&#8221; _builder_version=&#8221;4.27.4&#8243; _module_preset=&#8221;default&#8221; title_font=&#8221;Poppins||||||||&#8221; title_text_align=&#8221;center&#8221; title_text_color=&#8221;#000000&#8243; hover_enabled=&#8221;0&#8243; border_width_bottom=&#8221;2px&#8221; border_color_bottom=&#8221;#0C71C3&#8243; global_colors_info=&#8221;{}&#8221; sticky_enabled=&#8221;0&#8243;][\/et_pb_heading][\/et_pb_column][\/et_pb_row][et_pb_row column_structure=&#8221;1_2,1_2&#8243; _builder_version=&#8221;4.27.4&#8243; _module_preset=&#8221;default&#8221; animation_style=&#8221;slide&#8221; locked=&#8221;off&#8221; global_colors_info=&#8221;{}&#8221;][et_pb_column type=&#8221;1_2&#8243; _builder_version=&#8221;4.27.4&#8243; _module_preset=&#8221;default&#8221; global_colors_info=&#8221;{}&#8221;][ba_card title=&#8221;Viziunea noastr\u0103&#8221; description=&#8221;<\/p>\n<ul>\n<li style=\"%22font-weight:\" 400; text-align: left;%22 aria-level=\"%221%22\"><b>A world powered by growth and radical performance.<\/b><\/li>\n<\/ul>\n<p>&#8221; btn_spacing_top=&#8221;20px&#8221; content_alignment=&#8221;center&#8221; content_padding=&#8221;0px|0px|0px|0px|false|false&#8221; _builder_version=&#8221;4.27.4&#8243; _module_preset=&#8221;default&#8221; title_font=&#8221;Poppins|700|||||||&#8221; title_text_color=&#8221;#FFFFFF&#8221; title_font_size=&#8221;1.5rem&#8221; description_font=&#8221;Poppins||||||||&#8221; description_text_color=&#8221;#FFFFFF&#8221; description_font_size=&#8221;16px&#8221; background_color=&#8221;#3550a0&#8243; custom_button=&#8221;on&#8221; button_text_size=&#8221;1rem&#8221; button_text_color=&#8221;#3979ff&#8221; button_bg_color=&#8221;#ffffff&#8221; button_border_width=&#8221;1px&#8221; button_border_color=&#8221;#3979ff&#8221; button_border_radius=&#8221;50px&#8221; button_font=&#8221;|700|||||||&#8221; button_use_icon=&#8221;off&#8221; min_height=&#8221;300px&#8221; custom_padding=&#8221;110px|30px|30px|30px|false|false&#8221; border_radii_card=&#8221;on|9px|9px|9px|9px&#8221; border_color_all_card=&#8221;#3979ff&#8221; border_style_all_card=&#8221;solid&#8221; border_width_right_card=&#8221;1px&#8221; global_colors_info=&#8221;{}&#8221;][\/ba_card][\/et_pb_column][et_pb_column type=&#8221;1_2&#8243; _builder_version=&#8221;4.27.4&#8243; _module_preset=&#8221;default&#8221; global_colors_info=&#8221;{}&#8221;][ba_card title=&#8221;Misiunea noastr\u0103&#8221; description=&#8221;<\/p>\n<ul>\n<li style=\"%22font-weight:\" 400; text-align: left;%22 aria-level=\"%221%22\"><b>An innovative, value-centered product in every business's portfolio.<\/b><\/li>\n<\/ul>\n<p>&#8221; btn_spacing_top=&#8221;20px&#8221; content_alignment=&#8221;center&#8221; content_padding=&#8221;0px|0px|0px|0px|false|false&#8221; _builder_version=&#8221;4.27.4&#8243; _module_preset=&#8221;default&#8221; title_font=&#8221;Poppins|700|||||||&#8221; title_text_color=&#8221;#3979ff&#8221; title_font_size=&#8221;1.5rem&#8221; description_font=&#8221;Poppins||||||||&#8221; description_text_color=&#8221;#000000&#8243; description_font_size=&#8221;16px&#8221; custom_button=&#8221;on&#8221; button_text_size=&#8221;1rem&#8221; button_text_color=&#8221;#3979ff&#8221; button_bg_color=&#8221;#ffffff&#8221; button_border_width=&#8221;1px&#8221; button_border_color=&#8221;#3979ff&#8221; button_border_radius=&#8221;50px&#8221; button_font=&#8221;|700|||||||&#8221; button_use_icon=&#8221;off&#8221; min_height=&#8221;300px&#8221; custom_padding=&#8221;110px|30px|30px|30px|false|false&#8221; border_radii_card=&#8221;on|9px|9px|9px|9px&#8221; border_color_all_card=&#8221;#3979ff&#8221; border_style_all_card=&#8221;solid&#8221; border_width_right_card=&#8221;1px&#8221; global_colors_info=&#8221;{}&#8221;][\/ba_card][\/et_pb_column][\/et_pb_row][et_pb_row _builder_version=&#8221;4.27.4&#8243; _module_preset=&#8221;default&#8221; global_colors_info=&#8221;{}&#8221;][et_pb_column type=&#8221;4_4&#8243; _builder_version=&#8221;4.27.4&#8243; _module_preset=&#8221;default&#8221; global_colors_info=&#8221;{}&#8221;][et_pb_text _builder_version=&#8221;4.27.4&#8243; _module_preset=&#8221;default&#8221; text_font=&#8221;Poppins||||||||&#8221; text_text_color=&#8221;#000000&#8243; text_font_size=&#8221;16px&#8221; text_orientation=&#8221;center&#8221; global_colors_info=&#8221;{}&#8221;]<\/p>\n<p class=\"translation-block\"><span style=\"font-weight: 400\">We empower people and organizations to unlock radical growth and performance through unique, value-driven innovation systems and tools, designed to build or reshape key growth engines: <\/span><b>product, business model, and people.<\/b><\/p>\n<p>[\/et_pb_text][\/et_pb_column][\/et_pb_row][et_pb_row _builder_version=&#8221;4.27.4&#8243; _module_preset=&#8221;default&#8221; global_colors_info=&#8221;{}&#8221;][et_pb_column type=&#8221;4_4&#8243; _builder_version=&#8221;4.27.4&#8243; _module_preset=&#8221;default&#8221; global_colors_info=&#8221;{}&#8221;][et_pb_heading title=&#8221;Valorile noastre:&#8221; _builder_version=&#8221;4.27.4&#8243; _module_preset=&#8221;default&#8221; title_font=&#8221;Poppins||||||||&#8221; title_text_align=&#8221;center&#8221; title_text_color=&#8221;#000000&#8243; global_colors_info=&#8221;{}&#8221;][\/et_pb_heading][\/et_pb_column][\/et_pb_row][et_pb_row _builder_version=&#8221;4.27.4&#8243; _module_preset=&#8221;default&#8221; animation_style=&#8221;slide&#8221; animation_direction=&#8221;left&#8221; locked=&#8221;off&#8221; global_colors_info=&#8221;{}&#8221;][et_pb_column type=&#8221;4_4&#8243; _builder_version=&#8221;4.27.4&#8243; _module_preset=&#8221;default&#8221; global_colors_info=&#8221;{}&#8221;][ba_card description=&#8221;<\/p>\n<p style=\"%22text-align:\" left;%22 class=\"translation-block\"><strong>1. Radical Thinking: <span style=\"font-weight: 400\">We break patterns. We innovate beyond limits.<\/span><\/strong><\/p>\n<p style=\"%22text-align:\" left;%22 class=\"translation-block\"><strong>2. Responsibility: <span style=\"font-weight: 400\">We take ownership. What is ours, is up to us.<\/span><\/strong><\/p>\n<p style=\"%22text-align:\" left;%22 class=\"translation-block\"><strong>3. Uncompromising Integrity: <span style=\"font-weight: 400\">You can count on us. We do what we say, fully and on time.<\/span><\/strong><\/p>\n<p style=\"%22text-align:\" left;%22 class=\"translation-block\"><strong>4. Impact First: <span style=\"font-weight: 400\">We think and lead purposeful change. We create movements.<\/span><\/strong><\/p>\n<p style=\"%22text-align:\" left;%22 class=\"translation-block\"><strong>5. Limitless Curiosity: <span style=\"font-weight: 400\">Curiosity fuels our existence. We stay curious. We embrace the unknown.<\/span><\/strong><\/p>\n<p>&#8221; btn_spacing_top=&#8221;20px&#8221; content_alignment=&#8221;center&#8221; content_padding=&#8221;0px|0px|0px|0px|false|false&#8221; _builder_version=&#8221;4.27.4&#8243; _module_preset=&#8221;default&#8221; title_font=&#8221;Playfair Display|700|||||||&#8221; title_text_color=&#8221;#FFFFFF&#8221; title_font_size=&#8221;1.5rem&#8221; description_font=&#8221;Poppins||||||||&#8221; description_text_color=&#8221;#FFFFFF&#8221; description_font_size=&#8221;16px&#8221; background_color=&#8221;#3550a0&#8243; custom_button=&#8221;on&#8221; button_text_size=&#8221;1rem&#8221; button_text_color=&#8221;#3979ff&#8221; button_bg_color=&#8221;#ffffff&#8221; button_border_width=&#8221;1px&#8221; button_border_color=&#8221;#3979ff&#8221; button_border_radius=&#8221;50px&#8221; button_font=&#8221;|700|||||||&#8221; button_use_icon=&#8221;off&#8221; min_height=&#8221;300px&#8221; custom_padding=&#8221;50px|||50px|false|false&#8221; custom_padding_tablet=&#8221;50px|||50px|false|false&#8221; custom_padding_phone=&#8221;20px|14px|20px|14px|true|true&#8221; custom_padding_last_edited=&#8221;on|desktop&#8221; border_radii_card=&#8221;on|9px|9px|9px|9px&#8221; border_color_all_card=&#8221;#3979ff&#8221; border_style_all_card=&#8221;solid&#8221; border_width_right_card=&#8221;1px&#8221; locked=&#8221;off&#8221; global_colors_info=&#8221;{}&#8221;][\/ba_card][\/et_pb_column][\/et_pb_row][\/et_pb_section][et_pb_section fb_built=&#8221;1&#8243; _builder_version=&#8221;4.27.4&#8243; _module_preset=&#8221;default&#8221; custom_margin=&#8221;0px||0px||false|false&#8221; custom_padding=&#8221;0px||0px||false|false&#8221; global_colors_info=&#8221;{}&#8221;][et_pb_row _builder_version=&#8221;4.27.4&#8243; _module_preset=&#8221;default&#8221; global_colors_info=&#8221;{}&#8221;][et_pb_column type=&#8221;4_4&#8243; _builder_version=&#8221;4.27.4&#8243; _module_preset=&#8221;default&#8221; global_colors_info=&#8221;{}&#8221;][et_pb_heading title=&#8221;Filosofia Noastra&#8221; _builder_version=&#8221;4.27.4&#8243; _module_preset=&#8221;default&#8221; title_font=&#8221;Poppins||||||||&#8221; title_text_align=&#8221;center&#8221; custom_margin=&#8221;||0px||false|false&#8221; custom_padding=&#8221;||0px||false|false&#8221; border_width_bottom=&#8221;2px&#8221; border_color_bottom=&#8221;#0C71C3&#8243; global_colors_info=&#8221;{}&#8221;][\/et_pb_heading][et_pb_text _builder_version=&#8221;4.27.4&#8243; _module_preset=&#8221;default&#8221; text_font=&#8221;Poppins||||||||&#8221; text_text_color=&#8221;#000000&#8243; text_font_size=&#8221;16px&#8221; global_colors_info=&#8221;{}&#8221;]<\/p>\n<p>&nbsp;<\/p>\n<p class=\"translation-block\"><span style=\"font-weight: 400\">At <strong>Growth by Design (GBD)<\/strong>, we believe in radical growth and performance. We don't settle for minor adjustments \u2013 we trigger unprecedented change and help companies achieve extraordinary results in an unexpectedly short time.<\/span><\/p>\n<p><span style=\"font-weight: 400;\">From vision to reality:<\/span><\/p>\n<p class=\"translation-block\"><span style=\"font-weight: 400\">The individual experience of the founders, <strong>Dan and Adi, with over 20 years<\/strong> of experience, revealed a critical issue: traditional growth approaches focus solely on product-related problems, whether it's business model or people \u2013 ignoring their interdependence.<\/span><\/p>\n<p class=\"translation-block\"><span style=\"font-weight: 400\">Thus, <strong>Growth by Design<\/strong> was born, the complete solution for radical growth and performance that simultaneously activates the three key engines: product, business model, and people. The system contains the growth and performance factors specific to each engine and the unique process of designing and implementing radical changes in a predictable and sustainable way.<\/span><\/p>\n<p><span style=\"font-weight: 400;\">The principles that guide everything we do are:\u00a0<\/span><\/p>\n<ul>\n<li style=\"font-weight: 400;\" aria-level=\"1\" class=\"translation-block\"><strong>1. Radical Thinking: <span style=\"font-weight: 400\">We break patterns. We innovate beyond limits.<\/span><\/strong><\/li>\n<li style=\"font-weight: 400;\" aria-level=\"1\" class=\"translation-block\"><span style=\"font-weight: 400\"><strong>Responsibility<\/strong>: We take ownership. What is ours, is up to us.<\/span><\/li>\n<li style=\"font-weight: 400;\" aria-level=\"1\" class=\"translation-block\"><strong>3. Uncompromising Integrity: <span style=\"font-weight: 400\">You can count on us. We do what we say, fully and on time.<\/span><\/strong><\/li>\n<li style=\"font-weight: 400;\" aria-level=\"1\" class=\"translation-block\"><strong>4. Impact First: <span style=\"font-weight: 400\">We think and lead purposeful change. We create movements.<\/span><\/strong><\/li>\n<li style=\"font-weight: 400;\" aria-level=\"1\" class=\"translation-block\"><strong>5. Limitless Curiosity: <span style=\"font-weight: 400\">Curiosity fuels our existence. We stay curious. We embrace the unknown.<\/span><\/strong><\/li>\n<\/ul>\n<p><span style=\"font-weight: 400;\">We don't provide information, but interventions with our own tested tools and methodologies to create and implement radical change.<\/span><\/p>\n<p class=\"translation-block\"><span style=\"font-weight: 400\">With Growth by Design, teams responsible for the growth and performance of companies can take <strong>the first steps towards radical change<\/strong> in just a few days.<\/span><\/p>\n<p>[\/et_pb_text][\/et_pb_column][\/et_pb_row][\/et_pb_section]<\/p>","protected":false},"excerpt":{"rendered":"<p><div class=\"et_pb_with_border et_pb_module ba_card ba_card_0\">\n\t\t\t\t\n\t\t\t\t\n\t\t\t\t\n\t\t\t\t\n\t\t\t\t\n\t\t\t\t\n\t\t\t\t<div class=\"et_pb_module_inner\">\n\t\t\t\t\t<div class=\"dtq-module dtq-card dtq-swapped-img-selector dtq-hover--none use-icon-off\">\n                  <div class=\"dtq-card-content\"><h3 class=\"dtq-card-title\">Our Vision<\/h3> <div class=\"dtq-card-desc\"> A world powered by growth and radical performance. <\/div> <\/div>\n            <\/div>\n\t\t\t\t<\/div>\n\t\t\t<\/div><div class=\"et_pb_module ba_card ba_card_1\">\n\t\t\t\t\n\t\t\t\t\n\t\t\t\t\n\t\t\t\t\n\t\t\t\t\n\t\t\t\t\n\t\t\t\t<div class=\"et_pb_module_inner\">\n\t\t\t\t\t<div class=\"dtq-module dtq-card dtq-swapped-img-selector dtq-hover--none use-icon-off\">\n                  <div class=\"dtq-card-content\"><h3 class=\"dtq-card-title\">&#8221;Misiunea<\/h3> <div class=\"dtq-card-desc\">&#8221;<\/div> <\/div>\n            <\/div>\n\t\t\t\t<\/div>\n\t\t\t<\/div><\/p>","protected":false},"author":1,"featured_media":0,"parent":0,"menu_order":0,"comment_status":"closed","ping_status":"closed","template":"","meta":{"_et_pb_use_builder":"on","_et_pb_old_content":"<!-- wp:divi\/placeholder \/-->","_et_gb_content_width":"","om_disable_all_campaigns":false,"_monsterinsights_skip_tracking":false,"_monsterinsights_sitenote_active":false,"_monsterinsights_sitenote_note":"","_monsterinsights_sitenote_category":0,"_uf_show_specific_survey":0,"_uf_disable_surveys":false,"footnotes":""},"class_list":["post-1254","page","type-page","status-publish","hentry"],"yoast_head":"<!-- This site is optimized with the Yoast SEO plugin v25.8 - https:\/\/yoast.com\/wordpress\/plugins\/seo\/ -->\n<title>Filosofia Noastra - Growth By Design<\/title>\n<meta name=\"robots\" content=\"index, follow, max-snippet:-1, max-image-preview:large, max-video-preview:-1\" \/>\n<link rel=\"canonical\" href=\"https:\/\/gbd.siteclick.ro\/en\/filosofia-noastra\/\" \/>\n<meta property=\"og:locale\" content=\"en_GB\" \/>\n<meta property=\"og:type\" content=\"article\" \/>\n<meta property=\"og:title\" content=\"Filosofia Noastra - Growth By Design\" \/>\n<meta property=\"og:url\" content=\"https:\/\/gbd.siteclick.ro\/en\/filosofia-noastra\/\" \/>\n<meta property=\"og:site_name\" content=\"Growth By Design\" \/>\n<meta property=\"article:publisher\" content=\"https:\/\/www.facebook.com\/profile.php?id=61559620237059\" \/>\n<meta property=\"article:modified_time\" content=\"2025-05-01T08:34:08+00:00\" \/>\n<meta name=\"twitter:card\" content=\"summary_large_image\" \/>\n<meta name=\"twitter:description\" content=\"[ba_card title=&quot;Viziunea noastr\u0103&quot; description=&quot; O lume alimentat\u0103 de cre\u0219tere \u0219i performan\u021b\u0103 radical\u0103. &quot; btn_spacing_top=&quot;20px&quot; content_alignment=&quot;center&quot; content_padding=&quot;0px|0px|0px|0px|false|false&quot; _builder_version=&quot;4.27.4&quot; _module_preset=&quot;default&quot; title_font=&quot;Poppins|700|||||||&quot; title_text_color=&quot;#FFFFFF&quot; title_font_size=&quot;1.5rem&quot; description_font=&quot;Poppins||||||||&quot; description_text_color=&quot;#FFFFFF&quot; description_font_size=&quot;16px&quot; background_color=&quot;#3550a0&quot; custom_button=&quot;on&quot; button_text_size=&quot;1rem&quot; button_text_color=&quot;#3979ff&quot; button_bg_color=&quot;#ffffff&quot; button_border_width=&quot;1px&quot; button_border_color=&quot;#3979ff&quot; button_border_radius=&quot;50px&quot; button_font=&quot;|700|||||||&quot; button_use_icon=&quot;off&quot; min_height=&quot;300px&quot; custom_padding=&quot;110px|30px|30px|30px|false|false&quot; border_radii_card=&quot;on|9px|9px|9px|9px&quot; border_color_all_card=&quot;#3979ff&quot; border_style_all_card=&quot;solid&quot; border_width_right_card=&quot;1px&quot; global_colors_info=&quot;{}&quot;][\/ba_card][ba_card title=&quot;Misiunea noastr\u0103&quot; description=&quot; Un produs inovator, centrat pe valoare, \u00een portofoliul fiec\u0103rei afaceri. &quot; [&hellip;]\" \/>\n<script type=\"application\/ld+json\" class=\"yoast-schema-graph\">{\"@context\":\"https:\/\/schema.org\",\"@graph\":[{\"@type\":\"WebPage\",\"@id\":\"https:\/\/gbd.siteclick.ro\/filosofia-noastra\/\",\"url\":\"https:\/\/gbd.siteclick.ro\/filosofia-noastra\/\",\"name\":\"Filosofia Noastra - Growth By Design\",\"isPartOf\":{\"@id\":\"https:\/\/gbd.siteclick.ro\/#website\"},\"datePublished\":\"2025-02-03T13:12:35+00:00\",\"dateModified\":\"2025-05-01T08:34:08+00:00\",\"breadcrumb\":{\"@id\":\"https:\/\/gbd.siteclick.ro\/filosofia-noastra\/#breadcrumb\"},\"inLanguage\":\"en-GB\",\"potentialAction\":[{\"@type\":\"ReadAction\",\"target\":[\"https:\/\/gbd.siteclick.ro\/filosofia-noastra\/\"]}]},{\"@type\":\"BreadcrumbList\",\"@id\":\"https:\/\/gbd.siteclick.ro\/filosofia-noastra\/#breadcrumb\",\"itemListElement\":[{\"@type\":\"ListItem\",\"position\":1,\"name\":\"Home\",\"item\":\"https:\/\/gbd.siteclick.ro\/\"},{\"@type\":\"ListItem\",\"position\":2,\"name\":\"Filosofia Noastra\"}]},{\"@type\":\"WebSite\",\"@id\":\"https:\/\/gbd.siteclick.ro\/#website\",\"url\":\"https:\/\/gbd.siteclick.ro\/\",\"name\":\"Growth By Design\",\"description\":\"Unlocking Radical Growth and Performance\",\"publisher\":{\"@id\":\"https:\/\/gbd.siteclick.ro\/#organization\"},\"potentialAction\":[{\"@type\":\"SearchAction\",\"target\":{\"@type\":\"EntryPoint\",\"urlTemplate\":\"https:\/\/gbd.siteclick.ro\/?s={search_term_string}\"},\"query-input\":{\"@type\":\"PropertyValueSpecification\",\"valueRequired\":true,\"valueName\":\"search_term_string\"}}],\"inLanguage\":\"en-GB\"},{\"@type\":\"Organization\",\"@id\":\"https:\/\/gbd.siteclick.ro\/#organization\",\"name\":\"Growth By Design\",\"url\":\"https:\/\/gbd.siteclick.ro\/\",\"logo\":{\"@type\":\"ImageObject\",\"inLanguage\":\"en-GB\",\"@id\":\"https:\/\/gbd.siteclick.ro\/#\/schema\/logo\/image\/\",\"url\":\"https:\/\/gbd.siteclick.ro\/wp-content\/uploads\/2025\/01\/Growth-by-Design_Original-Logo_8828.png\",\"contentUrl\":\"https:\/\/gbd.siteclick.ro\/wp-content\/uploads\/2025\/01\/Growth-by-Design_Original-Logo_8828.png\",\"width\":400,\"height\":293,\"caption\":\"Growth By Design\"},\"image\":{\"@id\":\"https:\/\/gbd.siteclick.ro\/#\/schema\/logo\/image\/\"},\"sameAs\":[\"https:\/\/www.facebook.com\/profile.php?id=61559620237059\"]}]}<\/script>\n<!-- \/ Yoast SEO plugin. -->","yoast_head_json":{"title":"Filosofia Noastra - Growth By Design","robots":{"index":"index","follow":"follow","max-snippet":"max-snippet:-1","max-image-preview":"max-image-preview:large","max-video-preview":"max-video-preview:-1"},"canonical":"https:\/\/gbd.siteclick.ro\/en\/filosofia-noastra\/","og_locale":"en_GB","og_type":"article","og_title":"Filosofia Noastra - Growth By Design","og_url":"https:\/\/gbd.siteclick.ro\/en\/filosofia-noastra\/","og_site_name":"Growth By Design","article_publisher":"https:\/\/www.facebook.com\/profile.php?id=61559620237059","article_modified_time":"2025-05-01T08:34:08+00:00","twitter_card":"summary_large_image","twitter_description":"[ba_card title=\"Viziunea noastr\u0103\" description=\" O lume alimentat\u0103 de cre\u0219tere \u0219i performan\u021b\u0103 radical\u0103. \" btn_spacing_top=\"20px\" content_alignment=\"center\" content_padding=\"0px|0px|0px|0px|false|false\" _builder_version=\"4.27.4\" _module_preset=\"default\" title_font=\"Poppins|700|||||||\" title_text_color=\"#FFFFFF\" title_font_size=\"1.5rem\" description_font=\"Poppins||||||||\" description_text_color=\"#FFFFFF\" description_font_size=\"16px\" background_color=\"#3550a0\" custom_button=\"on\" button_text_size=\"1rem\" button_text_color=\"#3979ff\" button_bg_color=\"#ffffff\" button_border_width=\"1px\" button_border_color=\"#3979ff\" button_border_radius=\"50px\" button_font=\"|700|||||||\" button_use_icon=\"off\" min_height=\"300px\" custom_padding=\"110px|30px|30px|30px|false|false\" border_radii_card=\"on|9px|9px|9px|9px\" border_color_all_card=\"#3979ff\" border_style_all_card=\"solid\" border_width_right_card=\"1px\" global_colors_info=\"{}\"][\/ba_card][ba_card title=\"Misiunea noastr\u0103\" description=\" Un produs inovator, centrat pe valoare, \u00een portofoliul fiec\u0103rei afaceri. \" [&hellip;]","schema":{"@context":"https:\/\/schema.org","@graph":[{"@type":"WebPage","@id":"https:\/\/gbd.siteclick.ro\/filosofia-noastra\/","url":"https:\/\/gbd.siteclick.ro\/filosofia-noastra\/","name":"Filosofia Noastra - Growth By Design","isPartOf":{"@id":"https:\/\/gbd.siteclick.ro\/#website"},"datePublished":"2025-02-03T13:12:35+00:00","dateModified":"2025-05-01T08:34:08+00:00","breadcrumb":{"@id":"https:\/\/gbd.siteclick.ro\/filosofia-noastra\/#breadcrumb"},"inLanguage":"en-GB","potentialAction":[{"@type":"ReadAction","target":["https:\/\/gbd.siteclick.ro\/filosofia-noastra\/"]}]},{"@type":"BreadcrumbList","@id":"https:\/\/gbd.siteclick.ro\/filosofia-noastra\/#breadcrumb","itemListElement":[{"@type":"ListItem","position":1,"name":"Home","item":"https:\/\/gbd.siteclick.ro\/"},{"@type":"ListItem","position":2,"name":"Filosofia Noastra"}]},{"@type":"WebSite","@id":"https:\/\/gbd.siteclick.ro\/#website","url":"https:\/\/gbd.siteclick.ro\/","name":"Growth By Design","description":"Unlocking Radical Growth and Performance","publisher":{"@id":"https:\/\/gbd.siteclick.ro\/#organization"},"potentialAction":[{"@type":"SearchAction","target":{"@type":"EntryPoint","urlTemplate":"https:\/\/gbd.siteclick.ro\/?s={search_term_string}"},"query-input":{"@type":"PropertyValueSpecification","valueRequired":true,"valueName":"search_term_string"}}],"inLanguage":"en-GB"},{"@type":"Organization","@id":"https:\/\/gbd.siteclick.ro\/#organization","name":"Growth By Design","url":"https:\/\/gbd.siteclick.ro\/","logo":{"@type":"ImageObject","inLanguage":"en-GB","@id":"https:\/\/gbd.siteclick.ro\/#\/schema\/logo\/image\/","url":"https:\/\/gbd.siteclick.ro\/wp-content\/uploads\/2025\/01\/Growth-by-Design_Original-Logo_8828.png","contentUrl":"https:\/\/gbd.siteclick.ro\/wp-content\/uploads\/2025\/01\/Growth-by-Design_Original-Logo_8828.png","width":400,"height":293,"caption":"Growth By Design"},"image":{"@id":"https:\/\/gbd.siteclick.ro\/#\/schema\/logo\/image\/"},"sameAs":["https:\/\/www.facebook.com\/profile.php?id=61559620237059"]}]}},"_links":{"self":[{"href":"https:\/\/gbd.siteclick.ro\/en\/wp-json\/wp\/v2\/pages\/1254","targetHints":{"allow":["GET"]}}],"collection":[{"href":"https:\/\/gbd.siteclick.ro\/en\/wp-json\/wp\/v2\/pages"}],"about":[{"href":"https:\/\/gbd.siteclick.ro\/en\/wp-json\/wp\/v2\/types\/page"}],"author":[{"embeddable":true,"href":"https:\/\/gbd.siteclick.ro\/en\/wp-json\/wp\/v2\/users\/1"}],"replies":[{"embeddable":true,"href":"https:\/\/gbd.siteclick.ro\/en\/wp-json\/wp\/v2\/comments?post=1254"}],"version-history":[{"count":24,"href":"https:\/\/gbd.siteclick.ro\/en\/wp-json\/wp\/v2\/pages\/1254\/revisions"}],"predecessor-version":[{"id":2524,"href":"https:\/\/gbd.siteclick.ro\/en\/wp-json\/wp\/v2\/pages\/1254\/revisions\/2524"}],"wp:attachment":[{"href":"https:\/\/gbd.siteclick.ro\/en\/wp-json\/wp\/v2\/media?parent=1254"}],"curies":[{"name":"wp","href":"https:\/\/api.w.org\/{rel}","templated":true}]}}